{"id":51,"date":"2025-07-17T14:58:56","date_gmt":"2025-07-17T14:58:56","guid":{"rendered":"https:\/\/mhs.pt\/Se7eLifeDesign\/?page_id=51"},"modified":"2025-07-29T14:45:07","modified_gmt":"2025-07-29T14:45:07","slug":"products","status":"publish","type":"page","link":"https:\/\/se7e.pt\/en\/products\/","title":{"rendered":"Products"},"content":{"rendered":"<h2 style=\"text-rendering: optimizelegibility; font-family: Abel; font-size: 36px; line-height: 1.2em; letter-spacing: 3.5px; text-transform: uppercase; color: rgb(77, 202, 195); margin-right: auto; margin-left: auto; white-space-collapse: preserve; text-align: center;\">O QUE FOR <strong>MELHOR<\/strong> PARA <strong>SI<\/strong>\n<\/h2>\n\n\n\n\n\n<p class=\"\" style=\"white-space-collapse: preserve; font-size: large;\" data-pm-slice=\"1 1 []\"><span style=\"font-family: Abel; font-size: large;\"><strong>BER\u00c7O INSIDE<\/strong><\/span><\/p><p class=\"\" style=\"white-space-collapse: preserve;\">O interior do &#8220;Ber\u00e7o&#8221; pode ser totalmente personalizado para se adequar ao seu espa\u00e7o. Crie a sua edi\u00e7\u00e3o exclusiva, escolhendo madeiras, tecidos para almofadas e cores. \u00c9 um produto da nossa imagina\u00e7\u00e3o que pode ser alimentado pela sua inspira\u00e7\u00e3o.<\/p>\n\n\n\n\n\n\n\n<p class=\"\" style=\"margin-top: 0px; color: rgb(88, 89, 91); font-family: Abel; letter-spacing: 1px; white-space-collapse: preserve; background-color: rgb(240, 240, 240);\"><strong style=\"font-size: large;\"><\/strong><\/p><span style=\"background-color:#ffffff;\"><p class=\"\" style=\"margin-top: 0px; color: rgb(88, 89, 91); font-family: Abel; letter-spacing: 1px; white-space-collapse: preserve;\"><strong style=\"font-size: large;\">iBER\u00c7O INSIDE<\/strong><\/p><p class=\"\" id=\"yui_3_17_2_1_1753265926128_463\" style=\"margin-bottom: 0px; color: rgb(88, 89, 91); font-family: Montserrat; letter-spacing: 1px; white-space-collapse: preserve;\">Um lugar onde pode ouvir a sua m\u00fasica enquanto balan\u00e7a. O \u00abiBer\u00e7o\u00bb \u00e9 um sistema integrado com tecnologia Bluetooth, duas colunas de som de 50 watts e um amplificador. Esta experi\u00eancia de balan\u00e7o \u00e9 proporcionada pela Se7e\u00ae &#038; Sonance\u00ae.\n\n<\/p><\/span><p class=\"\" id=\"yui_3_17_2_1_1753265926128_463\" style=\"margin-bottom: 0px; color: rgb(88, 89, 91); font-family: ratio-display; letter-spacing: 1px; white-space-collapse: preserve; background-color: rgb(255, 255, 255);\"><\/p>\n\n\n\n\n\n\n\n\n\n<p class=\"\" style=\"margin-top: 0px; color: rgb(88, 89, 91); font-family: ratio-display; letter-spacing: 1px; white-space-collapse: preserve; background-color: rgb(240, 240, 240); font-size: large;\"><strong style=\"font-size: large; font-family: Abel;\"><\/strong><\/p><span style=\"background-color:#ffffff;\"><p class=\"\" style=\"margin-top: 0px; color: rgb(88, 89, 91); font-family: ratio-display; letter-spacing: 1px; white-space-collapse: preserve; font-size: large;\"><strong style=\"font-size: large; font-family: Abel;\">iBER\u00c7O INSIDE 2.0<\/strong><\/p><p class=\"\" style=\"margin-bottom: 0px; color: rgb(88, 89, 91); font-family: Montserrat; letter-spacing: 1px; white-space-collapse: preserve;\">A experi\u00eancia tecnol\u00f3gica definitiva. O \u00abiBer\u00e7o 2.0\u00bb possui um ecr\u00e3 de 22 polegadas integrado com tecnologia Bluetooth, dois altifalantes de 50 watts e um amplificador. Esta experi\u00eancia multim\u00e9dia de balan\u00e7o \u00e9 proporcionada pela Se7e\u00ae &#038; Sonance\u00ae. Agora pode ver televis\u00e3o, ver um filme ou simplesmente jogar um jogo numa combina\u00e7\u00e3o perfeita de tecnologia e design.<\/p><\/span><p class=\"\" style=\"margin-bottom: 0px; color: rgb(88, 89, 91); font-family: Montserrat; letter-spacing: 1px; white-space-collapse: preserve; background-color: rgb(240, 240, 240);\"><\/p>\n\n\n\n\n\n\n\n<p class=\"\" style=\"margin-top: 0px; color: rgb(88, 89, 91); font-family: ratio-display; letter-spacing: 1px; white-space-collapse: preserve; background-color: rgb(240, 240, 240); font-size: large;\"><strong style=\"font-family: Abel;\"><\/strong><\/p><span style=\"background-color:#ffffff;\"><p class=\"\" style=\"margin-top: 0px; color: rgb(88, 89, 91); font-family: ratio-display; letter-spacing: 1px; white-space-collapse: preserve; font-size: large;\"><span style=\"font-family: Abel; font-size: large;\"><strong>BER\u00c7O OUTSIDE<\/strong><\/span><\/p><span style=\"font-family:Montserrat;\"><p class=\"\" style=\"color: rgb(88, 89, 91); letter-spacing: 1px; white-space-collapse: preserve;\">O \u00abBer\u00e7o\u00bb Outside pode ser movido para qualquer lugar que desejar em casa, no escrit\u00f3rio ou no hotel. Mas se preferir sentir o vento no rosto, anime-se! O design vers\u00e1til garante que esta cadeira de balan\u00e7o se torne mais do que apenas uma pe\u00e7a de mobili\u00e1rio; torna-se um ref\u00fagio personalizado dentro do seu espa\u00e7o de vida ou de trabalho, unindo o conforto do relaxamento interior e o abra\u00e7o refrescante da natureza.<br><\/p><p class=\"\" style=\"margin-bottom: 0px; color: rgb(88, 89, 91); letter-spacing: 1px; white-space-collapse: preserve;\">Whether you seek the tranquillity of a cosy indoor corner or the invigorating sensation of the open air, the &#8220;Ber\u00e7o&#8221; effortlessly caters to your desires.<\/p><\/span><\/span><span style=\"font-family:Montserrat;\"><p class=\"\" style=\"margin-bottom: 0px; color: rgb(88, 89, 91); letter-spacing: 1px; white-space-collapse: preserve; background-color: rgb(240, 240, 240);\"><\/p><\/span><p class=\"\" style=\"margin-bottom: 0px; color: rgb(88, 89, 91); font-family: ratio-display; letter-spacing: 1px; white-space-collapse: preserve; background-color: rgb(240, 240, 240);\"><\/p>\n\n\n\n\n\n\n\n\n\n<span style=\"background-color:#ffffff;\"><p class=\"\" style=\"margin-top: 0px; color: rgb(88, 89, 91); font-family: Abel; letter-spacing: 1px; white-space-collapse: preserve;\"><strong style=\"font-size: large;\">iBER\u00c7O OUTSIDE<\/strong><\/p><span style=\"font-family:Montserrat;\"><p class=\"\" style=\"color: rgb(88, 89, 91); letter-spacing: 1px; white-space-collapse: preserve;\">You can feel the sun, you can enjoy the outdoors with the \u201cBer\u00e7o\u201d Outside. Now, we have taken the concept further!<\/p><p class=\"\" style=\"margin-bottom: 0px; color: rgb(88, 89, 91); letter-spacing: 1px; white-space-collapse: preserve;\">Pode sentir o sol, pode desfrutar do ar livre com o \u00abBer\u00e7o\u00bb Outside. Agora, lev\u00e1mos o conceito ainda mais longe!\n\nCom um sistema integrado resistente \u00e0 \u00e1gua com tecnologia Bluetooth, agora pode ouvir m\u00fasica e ter a banda sonora perfeita para a sua divers\u00e3o ao ar livre!\n<\/p><\/span><p class=\"\" style=\"margin-bottom: 0px; color: rgb(88, 89, 91); font-family: ratio-display; letter-spacing: 1px; white-space-collapse: preserve;\"><\/p><\/span><p class=\"\" style=\"margin-bottom: 0px; color: rgb(88, 89, 91); font-family: ratio-display; letter-spacing: 1px; white-space-collapse: preserve; background-color: rgb(240, 240, 240);\"><\/p>\n\n\n\n\n\n\n\n\n\n\n\n\n\n\n\n<h2 style=\"text-rendering: optimizelegibility; font-family: Abel; font-size: 36px; line-height: 1.2em; letter-spacing: 3.5px; text-transform: uppercase; color: rgb(77, 202, 195); margin-right: auto; margin-left: auto; white-space-collapse: preserve; text-align: center;\"> O QUE <strong>QUISER<\/strong> QUE O <strong>INSPIRE<\/strong>\n<\/h2>\n\n\n\n\n\n\n\n<span style=\"background-color:#ffffff;\"><h3 style=\"text-rendering: optimizelegibility; font-family: Abel; font-size: large; line-height: 1.3em; letter-spacing: 1.7px; text-transform: uppercase; color: rgb(0, 0, 0); margin-right: auto; margin-bottom: 0.3em; margin-left: auto; white-space-collapse: preserve;\"><strong>MELHOR EST\u00c9TICA, MELHOR AC\u00daSTICA, MAIOR INSPIRA\u00c7\u00c3O<\/strong><\/h3><p class=\"\" style=\"margin-bottom: 0px; color: rgb(88, 89, 91); font-family: Montserrat; letter-spacing: 1px; white-space-collapse: preserve;\">O \u00abNuvem\u00bb \u00e9 totalmente personaliz\u00e1vel em cor e forma. Com este design de ilumina\u00e7\u00e3o e revestimento de parede, podemos ajud\u00e1-lo a projetar o seu espa\u00e7o com total versatilidade.<\/p><\/span><p class=\"\" style=\"margin-bottom: 0px; color: rgb(88, 89, 91); font-family: ratio-display; letter-spacing: 1px; white-space-collapse: preserve; background-color: rgb(240, 240, 240);\"><\/p>\n\n\n\n\n\n\n\n<span style=\"background-color:#ffffff;\"><h3 style=\"text-rendering: optimizelegibility; font-family: Abel; font-size: large; line-height: 1.3em; letter-spacing: 1.7px; text-transform: uppercase; color: rgb(0, 0, 0); margin-right: auto; margin-bottom: 0.3em; margin-left: auto; white-space-collapse: preserve;\"><strong>TUDO \u00c9 INSPIRA\u00c7\u00c3O<\/strong><\/h3><p class=\"\" style=\"margin-bottom: 0px; color: rgb(88, 89, 91); font-family: Montserrat; letter-spacing: 1px; white-space-collapse: preserve;\">Pode ser usado como revestimento de parede ou como op\u00e7\u00e3o de ilumina\u00e7\u00e3o no seu teto. Esta espuma \u00e9 ac\u00fastica e autoextingu\u00edvel em caso de inc\u00eandio. Pode t\u00ea-la no conforto da sua casa, num escrit\u00f3rio p\u00fablico ou num showroom.<\/p><\/span><p class=\"\" style=\"margin-bottom: 0px; color: rgb(88, 89, 91); font-family: ratio-display; letter-spacing: 1px; white-space-collapse: preserve; background-color: rgb(240, 240, 240);\"><\/p>\n\n\n\n\n\n\n\n\n\n\n\n\n\n\n<p><span style=\"color: rgb(88, 89, 91); font-family: Montserrat; font-size: 14px; letter-spacing: 1px; white-space-collapse: preserve; background-color: rgb(255, 255, 255);\">A MesaNuvem foi concebida para inspirar a sua vida quotidiana. Combina na perfei\u00e7\u00e3o design e estilo com caracter\u00edsticas tecnol\u00f3gicas, tornando-a um objeto bonito e inteligente. Equipada com caracter\u00edsticas tecnol\u00f3gicas como internet, carregador sem fios, fonte de alimenta\u00e7\u00e3o e USB, a MesaNuvem foi concebida para o pr\u00f3ximo n\u00edvel de sofistica\u00e7\u00e3o. Conhe\u00e7a todo o seu potencial!<\/span><\/p>\n\n\n\n\n\n\n\n\n\n\n\n\n\n<h2 style=\"text-rendering: optimizelegibility; font-family: Abel; font-size: 36px; line-height: 1.2em; letter-spacing: 3.5px; text-transform: uppercase; color: rgb(77, 202, 195); margin-right: auto; margin-left: auto; white-space-collapse: preserve; text-align: center;\">  O QUE <strong>FUNCIONA<\/strong> PARA <strong>SI<\/strong>\n<\/h2>\n\n\n\n\n\n\n\n<span style=\"background-color:#ffffff;\"><h3 style=\"text-rendering: optimizelegibility; font-family: Abel; font-size: 17px; line-height: 1.3em; letter-spacing: 1.7px; text-transform: uppercase; color: rgb(0, 0, 0); margin-right: auto; margin-bottom: 0.3em; margin-left: auto; white-space-collapse: preserve;\"><strong style=\"font-size: large;\">A ESTA\u00c7\u00c3O DE TRABALHO DIVERTIDA<\/strong><\/h3><p class=\"\" style=\"margin-bottom: 0px; color: rgb(88, 89, 91); font-family: Montserrat; letter-spacing: 1px; white-space-collapse: preserve;\">\u00c9 tudo uma quest\u00e3o de versatilidade! Hoje uma cadeira, amanh\u00e3 uma mesa, talvez um banco, o \u00abVarios\u00bb pode ser utilizado em muitas aplica\u00e7\u00f5es. Este banco multifuncional \u00e9 feito \u00e0 m\u00e3o, personaliz\u00e1vel e personalizado desde a estrutura at\u00e9 \u00e0 almofada e tecido para se adequar a todas as suas necessidades.<\/p><\/span><p class=\"\" style=\"margin-bottom: 0px; color: rgb(88, 89, 91); font-family: Montserrat; letter-spacing: 1px; white-space-collapse: preserve; background-color: rgb(240, 240, 240);\"><\/p>\n\n\n\n\n\n\n\n<span style=\"background-color:#ffffff;\"><h3 style=\"text-rendering: optimizelegibility; font-family: Abel; font-size: 17px; line-height: 1.3em; letter-spacing: 1.7px; text-transform: uppercase; color: rgb(0, 0, 0); margin-right: auto; margin-bottom: 0.3em; margin-left: auto; white-space-collapse: preserve;\"><strong style=\"font-size: large;\">PODE MULTIPLICAR FORMAS NUM \u00daNICO ESPA\u00c7O?<\/strong><\/h3><p class=\"\" style=\"margin-bottom: 0px; color: rgb(88, 89, 91); font-family: Montserrat; letter-spacing: 1px; white-space-collapse: preserve;\">We know that modern spaces bring modern challenges.&nbsp;Sabemos que os espa\u00e7os modernos trazem desafios modernos. O \u00abVarios\u00bb pode adaptar-se ao que precisa, sem alterar o espa\u00e7o. Mas, ao mesmo tempo, altera tudo.\n\n<\/p><\/span><p class=\"\" style=\"margin-bottom: 0px; color: rgb(88, 89, 91); font-family: ratio-display; letter-spacing: 1px; white-space-collapse: preserve; background-color: rgb(240, 240, 240);\"><\/p>","protected":false},"excerpt":{"rendered":"","protected":false},"author":2,"featured_media":0,"parent":0,"menu_order":0,"comment_status":"closed","ping_status":"closed","template":"","meta":{"pagelayer_contact_templates":[],"_pagelayer_content":"","footnotes":""},"class_list":["post-51","page","type-page","status-publish","hentry"],"_links":{"self":[{"href":"https:\/\/se7e.pt\/en\/wp-json\/wp\/v2\/pages\/51","targetHints":{"allow":["GET"]}}],"collection":[{"href":"https:\/\/se7e.pt\/en\/wp-json\/wp\/v2\/pages"}],"about":[{"href":"https:\/\/se7e.pt\/en\/wp-json\/wp\/v2\/types\/page"}],"author":[{"embeddable":true,"href":"https:\/\/se7e.pt\/en\/wp-json\/wp\/v2\/users\/2"}],"replies":[{"embeddable":true,"href":"https:\/\/se7e.pt\/en\/wp-json\/wp\/v2\/comments?post=51"}],"version-history":[{"count":11,"href":"https:\/\/se7e.pt\/en\/wp-json\/wp\/v2\/pages\/51\/revisions"}],"predecessor-version":[{"id":327,"href":"https:\/\/se7e.pt\/en\/wp-json\/wp\/v2\/pages\/51\/revisions\/327"}],"wp:attachment":[{"href":"https:\/\/se7e.pt\/en\/wp-json\/wp\/v2\/media?parent=51"}],"curies":[{"name":"wp","href":"https:\/\/api.w.org\/{rel}","templated":true}]}}