{"id":43,"date":"2025-07-17T14:57:48","date_gmt":"2025-07-17T14:57:48","guid":{"rendered":"https:\/\/mhs.pt\/Se7eLifeDesign\/?page_id=43"},"modified":"2025-07-29T14:18:43","modified_gmt":"2025-07-29T14:18:43","slug":"press","status":"publish","type":"page","link":"https:\/\/se7e.pt\/en\/press\/","title":{"rendered":"Press"},"content":{"rendered":"<span style=\"font-family: 'Abel', sans-serif; font-size: 28px; font-weight: 600; letter-spacing: 2px; text-transform: uppercase; color: #4dcac3;\">\n  ESTAMOS SEMPRE A FAZER ALGO, SIGA-NOS\n<\/span>\n\n\n\n\n<p style=\"font-family: 'Montserrat', sans-serif; color: #58595B; letter-spacing: 0.5px; line-height: 1.7; background-color: #ffffff; padding-bottom: 30px;\">\n  <\/p><p style=\"margin-top: 0px; font-weight: 600; font-size: 20px; color: #333333; text-transform: uppercase;\">\n    High Point Market \u2013 EUA, Carolina do Norte 2018\n  <\/p>\n  <p style=\"margin: 0 0 10px 0; font-size: 14px; text-transform: uppercase; font-weight: 500;\">\n    15 &#8211; 17 de setembro\n  <\/p>\n  <p style=\"margin: 0; font-size: 15px;\">\n    O <a href=\"https:\/\/se7e.pt\/en\/\" target=\"_blank\" style=\"color: #4dcac3; font-weight: 500;\">\u00abBer\u00e7o\u00bb<\/a> viajou para a Carolina do Norte e foi apresentado na \n    <a href=\"http:\/\/www.highpointmarket.org\/exhibitor\/details\/8940?name=Associative+Design\" target=\"_blank\" style=\"color: #4dcac3; font-weight: 500;\">\n      High Point Market 2018\n    <\/a>. Pela segunda vez neste evento, o \u00abBer\u00e7o\u00bb agitou High Point e garantiu momentos divertidos neste evento!\n  <\/p>\n<p><\/p>\n\n\n\n\n\n\n\n\n\n<div style=\"font-family: 'Montserrat', sans-serif; color: #58595B; letter-spacing: 0.5px; line-height: 1.7; background-color: #ffffff; padding-bottom: 30px;\">\n  <p style=\"margin-top: 0px; font-weight: 600; font-size: 20px; color: #333333; text-transform: uppercase;\">\n    100% Design \u2013 Olympia Londres 2018\n  <\/p>\n  <p style=\"margin: 0 0 10px 0; font-size: 14px; text-transform: uppercase; font-weight: 500;\">\n    19 \u2192 22 de setembro\n  <\/p>\n  <p style=\"margin: 0; font-size: 15px;\">\n    A Se7e Life Design surpreende sempre na \n    <a href=\"https:\/\/www.100percentdesign.co.uk\/\" target=\"_blank\" style=\"color: #4dcac3; font-weight: 500;\">\n      100% Design\n    <\/a>. Depois da apresenta\u00e7\u00e3o de novos produtos no ano passado, impression\u00e1mos com a nova vers\u00e3o do \u00abBer\u00e7o\u00bb e uma nova gera\u00e7\u00e3o de produtos que combina design e tecnologia.\n  <\/p>\n  <p style=\"margin: 10px 0 0 0; font-size: 15px; font-weight: 600;\">\n    LONDRES \u00c9 O M\u00c1XIMO!\n  <\/p>\n<\/div>\n\n\n\n\n\n\n\n\n\n<p style=\"font-family: 'Montserrat', sans-serif; color: #58595B; letter-spacing: 0.5px; line-height: 1.7; background-color: #ffffff; padding-bottom: 30px;\">\n  <p style=\"margin-top: 0px; font-weight: 600; font-size: 20px; color: #333333; text-transform: uppercase;\">\n    DECOREX International \u2013 Londres 2018\n  <\/p>\n  <p style=\"margin: 0 0 10px 0; font-size: 14px; text-transform: uppercase; font-weight: 500;\">\n    16 \u2192 19 de setembro\n  <\/p>\n  <p style=\"margin: 0; font-size: 15px;\">\n    A Se7e Life Design apresentou novos produtos emocionantes, incluindo um impulso tecnol\u00f3gico no \n    <span style=\"font-weight: 500;\">&#8220;Ber\u00e7o&#8221;<\/span> na \n    <a href=\"https:\/\/www.decorex.com\/\" target=\"_blank\" style=\"color: #4dcac3; font-weight: 500;\">\n      DECOREX Londres\n    <\/a>, onde estivemos pela primeira vez!\n  <\/p>\n  <p style=\"margin: 10px 0 0 0; font-size: 15px; font-weight: 600;\">\n    LONDRES \u00c9 O M\u00c1XIMO!\n  <\/p>\n<\/p>\n\n\n\n\n\n\n\n\n\n<div style=\"font-family: 'Montserrat', sans-serif; color: #58595B; letter-spacing: 0.5px; line-height: 1.7; background-color: #ffffff; padding-bottom: 30px;\">\n  <p style=\"margin-top: 0px; font-weight: 600; font-size: 20px; color: #333333; text-transform: uppercase;\">\n    KAZBUILD 2018\n  <\/p>\n  <p style=\"margin: 0 0 10px 0; font-size: 14px; text-transform: uppercase; font-weight: 500;\">\n    4 \u2192 6 de setembro\n  <\/p>\n  <p style=\"margin: 0; font-size: 15px;\">\n    A Se7e Life Design est\u00e1 pronta para impressionar o Oriente! Estaremos pela primeira vez na \n    <a href=\"https:\/\/kazbuild.kz\/en\/\" target=\"_blank\" style=\"color: #4dcac3; font-weight: 500;\">\n      KazBuild, no Cazaquist\u00e3o\n    <\/a> A KazBuild Almaty \u00e9 a maior exposi\u00e7\u00e3o de constru\u00e7\u00e3o e interiores da \u00c1sia Central \u2014 veja os produtos e as empresas que estar\u00e3o presentes este ano. Visite-nos no Stand <strong>10-337<\/strong> e conhe\u00e7a os nossos produtos mais recentes.\n  <\/p>\n  <p style=\"margin: 10px 0 0 0; font-size: 15px; font-weight: 600;\">\n    O CAZAQUIST\u00c3O \u00c9 O M\u00c1XIMO!\n  <\/p>\n<\/div>\n\n\n\n\n\n\n\n\n\n<p style=\"font-family: 'Montserrat', sans-serif; color: #58595B; letter-spacing: 0.5px; line-height: 1.7; background-color: #ffffff; padding-bottom: 30px;\">\n  <p style=\"margin-top: 0px; font-weight: 600; font-size: 20px; color: #333333; text-transform: uppercase;\">\n    MISS\u00c3O EMPRESARIAL EM XANGAI 2018\n  <\/p>\n  <p style=\"margin: 0 0 10px 0; font-size: 14px; text-transform: uppercase; font-weight: 500;\">\n    29 de junho \u2192 1 de julho\n  <\/p>\n  <p style=\"margin: 0; font-size: 15px;\">\n    A Se7e passou momentos maravilhosos em Xangai com a \n    <span style=\"color: #4dcac3; font-weight: 500;\">Associative Design<\/span>. Entre fotos, conversas e sorrisos, o \n    <span style=\"font-weight: 500;\">\u00abBer\u00e7o\u00bb<\/span> nunca vai parar de balan\u00e7ar e conquistar cora\u00e7\u00f5es. At\u00e9 o final de novembro, voc\u00ea pode encontrar o &#8220;Ber\u00e7o&#8221; no \n    <strong>Yuexing Furniture Mall<\/strong> (4\u00ba andar, N. D069) e encomendar o seu! N\u00e3o perca esta experi\u00eancia relaxante e divertida!\n  <\/p>\n  <p style=\"margin: 10px 0 0 0; font-size: 15px; font-weight: 600;\">\n    XANGAI \u00c9 O M\u00c1XIMO<\/p>\n<\/p>\n\n\n\n\n\n\n\n\n\n<p style=\"font-family: 'Montserrat', sans-serif; color: #58595B; letter-spacing: 0.5px; line-height: 1.7; background-color: #ffffff; padding-bottom: 30px;\">\n  <p style=\"margin-top: 0px; font-weight: 600; font-size: 20px; color: #333333; text-transform: uppercase;\">\n    FAILBIG SUMMIT 2018 \u2013 LISBOA\n  <\/p>\n  <p style=\"margin: 0 0 10px 0; font-size: 14px; text-transform: uppercase; font-weight: 500;\">\n    22 de maio\n  <\/p>\n  <p style=\"margin: 0; font-size: 15px;\">\n    A Se7e Life Design ser\u00e1 parceira oficial da&nbsp;&nbsp;<a href=\"https:\/\/failbigsummit.com\/\" target=\"_blank\" style=\"color: #4dcac3; font-weight: 500;\">FAILBIG Summit\n    <\/a>. O &#8220;<span style=\"font-weight: 500;\">Ber\u00e7o&#8221;<\/span>&nbsp;ir\u00e1 acolher experi\u00eancias empresariais ao vivo e inspirar as pessoas a n\u00e3o terem medo de falhar. \n    A FailBig Summit \u00e9 a maior confer\u00eancia sobre o fracasso no mundo&#8230; (estamos a constru\u00ed-la, um fracasso de cada vez). \n    Estamos orgulhosos de falar sobre o fracasso e mostrar como pessoas de todo o mundo reconhecem que s\u00e3o os momentos de fracasso que constroem o vencedor.\n  <\/p>\n  <p style=\"margin: 10px 0 0 0; font-size: 15px; font-weight: 600;\">\n    FAILBIG \u00c9 O M\u00c1XIMO!\n  <\/p>\n<\/p>\n\n\n\n\n\n\n\n<div style=\"margin: 30px 0;\">\n  <iframe loading=\"lazy\" \n    width=\"100%\" \n    height=\"400\" \n    src=\"https:\/\/www.youtube.com\/embed\/S2N9OmidNOc\" \n    title=\"Fail Big Summit \u2013 Promo Lisboa\" \n    frameborder=\"0\" \n    allow=\"accelerometer; autoplay; clipboard-write; encrypted-media; gyroscope; picture-in-picture\" \n    allowfullscreen>\n  <\/iframe>\n<\/div>\n\n\n\n\n<div style=\"font-family: 'Montserrat', sans-serif; color: #58595B; letter-spacing: 0.5px; line-height: 1.7; background-color: #ffffff; padding-bottom: 30px;\">\n  <p style=\"margin-top: 0px; font-weight: 600; font-size: 20px; color: #333333; text-transform: uppercase;\">\n    ROLLS-ROYCE ENTHUSIASTS\u2019 CLUB SHOWCASE <span style=\"font-style: italic;\">(lan\u00e7amento do livro The Pursuit of Excellence)<\/span> \u2013 GOODWOOD HOUSE EM WEST SUSSEX 2018\n  <\/p>\n  <p style=\"margin: 0 0 10px 0; font-size: 14px; text-transform: uppercase; font-weight: 500;\">\n    23 de mar\u00e7o\n  <\/p>\n  <p style=\"margin: 0; font-size: 15px;\">\n    Estivemos presentes no lan\u00e7amento da publica\u00e7\u00e3o <span style=\"font-style: italic;\">\u201cThe Pursuit of Excellence\u201d<\/span> do Rolls-Royce Motor Cars Enthusiasts&#8217; Club. A Se7e Life Design \u00e9 uma das marcas de luxo convidadas para o evento de lan\u00e7amento e para estar presente no livro. \n    <span style=\"font-style: italic;\">\u201cThe Pursuit of Excellence\u201d<\/span> \u00e9 um livro de capa dura com 432 p\u00e1ginas e um bel\u00edssimo design, que destaca o passado e o presente da Rolls-Royce Motor Cars e investiga as hist\u00f3rias e personalidades que fazem da marca \u201co melhor carro do mundo\u201d. \n    Para fazer eco ao tema do luxo do livro, tamb\u00e9m est\u00e1 presente uma sele\u00e7\u00e3o cuidadosamente curada de marcas de luxo, permitindo aos convidados mergulhar num mundo de gostos, produtos e experi\u00eancias luxuosas.\n  <\/p>\n  <p style=\"margin: 10px 0 0 0; font-size: 15px; font-weight: 600;\">\n    ROLLS-ROYCE \u00c9 O M\u00c1XIMO!\n  <\/p>\n<\/div>\n\n\n\n\n\n\n\n\n\n<p style=\"font-family: 'Montserrat', sans-serif; color: #58595B; letter-spacing: 0.5px; line-height: 1.7; background-color: #ffffff; padding-bottom: 30px;\">\n  <p style=\"margin-top: 0px; font-weight: 600; font-size: 20px; color: #333333; text-transform: uppercase;\">\n    ECOBUILD ExCeL \u2013 LONDRES 2018\n  <\/p>\n  <p style=\"margin: 0 0 10px 0; font-size: 14px; text-transform: uppercase; font-weight: 500;\">\n    6 \u2192 8 de mar\u00e7o\n  <\/p>\n  <p style=\"margin: 0; font-size: 15px;\">\n    A Se7e Life Design estreou-se na \n    <a href=\"https:\/\/www.ecobuild.co.uk\/\" target=\"_blank\" style=\"color: #4dcac3; font-weight: 500;\">\n      Ecobuild 2018<\/a>! Levamos toda a inspira\u00e7\u00e3o de objetos inteligentes e tecnol\u00f3gicos, como o \u201cNuvem\u201d, o \u201cBer\u00e7o\u201d e o \u201cVarios\u201d, para o maior evento comercial do mundo de design sustent\u00e1vel, constru\u00e7\u00e3o e ambiente constru\u00eddo e o maior evento de constru\u00e7\u00e3o do Reino Unido. \n    \u00c9 o futuro do design, da constru\u00e7\u00e3o e do ambiente constru\u00eddo \u2013 os \u00faltimos desenvolvimentos, lan\u00e7amentos de novos produtos e as pessoas que importam.\n  <\/p>\n  <p style=\"margin: 10px 0 0 0; font-size: 15px; font-weight: 600;\">\n    LONDRES \u00c9 O M\u00c1XIMO!\n  <\/p>\n<\/p>\n\n\n\n\n\n\n\n\n\n<div style=\"margin: 20px 0;\">\n  <iframe loading=\"lazy\" width=\"100%\" height=\"450\" \n    src=\"https:\/\/www.youtube.com\/embed\/VQuyGxTJ9SM?list=PL3rOEdTUOgJRqhUyRmK8mK8-b7h80CWsh\" \n    title=\"YouTube video player\" frameborder=\"0\" allow=\"accelerometer; autoplay; clipboard-write; encrypted-media; gyroscope; picture-in-picture; web-share\" \n    allowfullscreen>\n  <\/iframe>\n<\/div>","protected":false},"excerpt":{"rendered":"","protected":false},"author":2,"featured_media":0,"parent":0,"menu_order":0,"comment_status":"closed","ping_status":"closed","template":"","meta":{"pagelayer_contact_templates":[],"_pagelayer_content":"","footnotes":""},"class_list":["post-43","page","type-page","status-publish","hentry"],"_links":{"self":[{"href":"https:\/\/se7e.pt\/en\/wp-json\/wp\/v2\/pages\/43","targetHints":{"allow":["GET"]}}],"collection":[{"href":"https:\/\/se7e.pt\/en\/wp-json\/wp\/v2\/pages"}],"about":[{"href":"https:\/\/se7e.pt\/en\/wp-json\/wp\/v2\/types\/page"}],"author":[{"embeddable":true,"href":"https:\/\/se7e.pt\/en\/wp-json\/wp\/v2\/users\/2"}],"replies":[{"embeddable":true,"href":"https:\/\/se7e.pt\/en\/wp-json\/wp\/v2\/comments?post=43"}],"version-history":[{"count":25,"href":"https:\/\/se7e.pt\/en\/wp-json\/wp\/v2\/pages\/43\/revisions"}],"predecessor-version":[{"id":321,"href":"https:\/\/se7e.pt\/en\/wp-json\/wp\/v2\/pages\/43\/revisions\/321"}],"wp:attachment":[{"href":"https:\/\/se7e.pt\/en\/wp-json\/wp\/v2\/media?parent=43"}],"curies":[{"name":"wp","href":"https:\/\/api.w.org\/{rel}","templated":true}]}}