{"id":36,"date":"2025-07-17T14:57:05","date_gmt":"2025-07-17T14:57:05","guid":{"rendered":"https:\/\/mhs.pt\/Se7eLifeDesign\/?page_id=36"},"modified":"2025-07-29T13:59:59","modified_gmt":"2025-07-29T13:59:59","slug":"berco","status":"publish","type":"page","link":"https:\/\/se7e.pt\/en\/berco\/","title":{"rendered":"Ber\u00e7o"},"content":{"rendered":"<h1 id=\"yui_3_17_2_1_1753096661506_19197\" style=\"font-size: 35px; margin-right: auto; margin-bottom: 0.3em; margin-left: auto; text-rendering: optimizelegibility; color: rgb(0, 0, 0); font-family: Abel; font-weight: 400; line-height: 1.2em; letter-spacing: 7px; text-transform: uppercase; white-space-collapse: preserve; text-align: center;\"><span style=\"background-color:#ffffff;\">O \u201cBER\u00c7O\u201d<\/span><\/h1>\n<h2 id=\"yui_3_17_2_1_1753096661506_19478\" style=\"text-rendering: optimizelegibility; font-family: Abel; font-size: 24px; line-height: 1.2em; letter-spacing: 3.5px; text-transform: uppercase; color: rgb(77, 202, 195); margin-top: 24px; margin-right: auto; margin-left: auto; white-space-collapse: preserve; background-color: rgb(255, 255, 255); text-align: center;\">um lugar para crescer, criar, mudar<\/h2>\n\n\n\n\n\n\n\n\n\n<p style=\"text-align: center;\"><span style=\"color: rgb(88, 89, 91); font-family: Montserrat; letter-spacing: 1px; text-align: center; white-space-collapse: preserve; background-color: rgb(255, 255, 255);\">Uma cadeira pode ser redonda? E n\u00e3o ter uma \u00fanica perna, mas ainda assim mover-se? A mesma cadeira pode ser usada para pensar, imaginar e descansar? Sim. Acreditamos que sempre que est\u00e1 a pensar tranquilamente, a sua mente est\u00e1 a fazer coisas maravilhosas. Deixe as suas ideias evolu\u00edrem no \u201cBer\u00e7o\u201d. Quer o veja como uma cadeira em forma de sorriso, uma espregui\u00e7adeira divertida ou um ber\u00e7o de balan\u00e7o sem pernas. Para n\u00f3s, \u00e9 um lugar para descansar, pensar e fazer. Com um nome que significa literalmente ber\u00e7o em portugu\u00eas, o \u201cBer\u00e7o\u201d \u00e9 uma cadeira de balan\u00e7o s\u00f3lida onde crian\u00e7as e adultos podem desfrutar enquanto pensam ou descansam.<\/span><\/p>\n\n\n\n\n\n\n\n\n\n<h1 id=\"yui_3_17_2_1_1753096661506_20607\" style=\"font-size: 35px; margin-right: auto; margin-bottom: 0.3em; margin-left: auto; text-rendering: optimizelegibility; color: rgb(0, 0, 0); font-family: Abel; font-weight: 400; line-height: 1.2em; letter-spacing: 7px; text-transform: uppercase; white-space-collapse: preserve; background-color: rgb(255, 255, 255); text-align: center;\">O Seu BER\u00c7O<\/h1>\n<h2 id=\"yui_3_17_2_1_1753096840900_9007\" style=\"text-rendering: optimizelegibility; font-family: Abel; font-size: 24px; line-height: 1.2em; letter-spacing: 3.5px; text-transform: uppercase; color: rgb(77, 202, 195); margin-top: 24px; margin-right: auto; margin-left: auto; white-space-collapse: preserve; background-color: rgb(255, 255, 255); text-align: center;\">GOSTAMOS DE LIMITAR A EDI\u00c7\u00c3O, MAS ADORAMOS N\u00c3O LIMITAR A PERSONALIZA\u00c7\u00c3O<\/h2>\n\n\n\n\n\n\n\n\n\n<p style=\"text-align: center;\"><span style=\"color: rgb(88, 89, 91); font-family: Montserrat; letter-spacing: 1px; white-space-collapse: preserve; background-color: rgb(255, 255, 255);\">O &#8220;Ber\u00e7o&#8221; n\u00e3o \u00e9 para todos; \u00e9 para si. N\u00e3o acreditamos na produ\u00e7\u00e3o em massa, mas sim no artesanato especial. Cada pe\u00e7a \u00e9 criada para um cliente e numerada com um n\u00famero de s\u00e9rie e o ano de produ\u00e7\u00e3o. \u00c9 feita \u00e0 m\u00e3o e personalizada desde a estrutura, \u00e0 almofada e ao tecido, para se adequar ao seu estilo. Clique abaixo para personalizar a sua pe\u00e7a.<\/span><span style=\"color: rgb(88, 89, 91); font-family: ratio-display; letter-spacing: 1px; text-align: center; white-space-collapse: preserve; background-color: rgb(240, 240, 240);\"><\/span><\/p>","protected":false},"excerpt":{"rendered":"","protected":false},"author":2,"featured_media":0,"parent":0,"menu_order":0,"comment_status":"closed","ping_status":"closed","template":"","meta":{"pagelayer_contact_templates":[],"_pagelayer_content":"","footnotes":""},"class_list":["post-36","page","type-page","status-publish","hentry"],"_links":{"self":[{"href":"https:\/\/se7e.pt\/en\/wp-json\/wp\/v2\/pages\/36","targetHints":{"allow":["GET"]}}],"collection":[{"href":"https:\/\/se7e.pt\/en\/wp-json\/wp\/v2\/pages"}],"about":[{"href":"https:\/\/se7e.pt\/en\/wp-json\/wp\/v2\/types\/page"}],"author":[{"embeddable":true,"href":"https:\/\/se7e.pt\/en\/wp-json\/wp\/v2\/users\/2"}],"replies":[{"embeddable":true,"href":"https:\/\/se7e.pt\/en\/wp-json\/wp\/v2\/comments?post=36"}],"version-history":[{"count":10,"href":"https:\/\/se7e.pt\/en\/wp-json\/wp\/v2\/pages\/36\/revisions"}],"predecessor-version":[{"id":315,"href":"https:\/\/se7e.pt\/en\/wp-json\/wp\/v2\/pages\/36\/revisions\/315"}],"wp:attachment":[{"href":"https:\/\/se7e.pt\/en\/wp-json\/wp\/v2\/media?parent=36"}],"curies":[{"name":"wp","href":"https:\/\/api.w.org\/{rel}","templated":true}]}}