{"id":21,"date":"2025-07-17T14:23:42","date_gmt":"2025-07-17T14:23:42","guid":{"rendered":"https:\/\/mhs.pt\/Se7eLifeDesign\/home\/"},"modified":"2025-07-29T13:55:16","modified_gmt":"2025-07-29T13:55:16","slug":"home","status":"publish","type":"page","link":"https:\/\/se7e.pt\/en\/","title":{"rendered":"Se7e"},"content":{"rendered":"<h2 style=\"text-rendering: optimizelegibility; font-family: Abel; font-size: 24px; line-height: 1.2em; letter-spacing: 3.5px; text-transform: uppercase; color: rgb(77, 202, 195); margin-right: auto; margin-left: auto; white-space-collapse: preserve; background-color: rgb(255, 255, 255);\">N\u00c3O TEMOS UMA HIST\u00d3RIA DE PRODUTO E PROVAVELMENTE NUNCA TEREMOS\n<\/h2>\n\n\n\n\n\n\n\n\n\n\n\n\n\n\n<h2 id=\"yui_3_17_2_1_1753096661506_14566\" style=\"text-rendering: optimizelegibility; font-family: Abel; font-size: 24px; line-height: 1.2em; letter-spacing: 3.5px; text-transform: uppercase; color: rgb(77, 202, 195); margin-right: auto; margin-bottom: 0.3em; margin-left: auto; white-space-collapse: preserve; background-color: rgb(255, 255, 255); text-align: center;\">Ol\u00e1, somos a Se7e life design,&nbsp;prazer em conhec\u00ea-lo<\/h2>\n\n\n\n\n<h3 id=\"yui_3_17_2_1_1753096661506_14467\" style=\"text-rendering: optimizelegibility; font-family: Abel; font-size: 17px; line-height: 1.3em; letter-spacing: 1.7px; text-transform: uppercase; color: rgb(0, 0, 0); margin-top: 24px; margin-right: auto; margin-left: auto; white-space-collapse: preserve; background-color: rgb(255, 255, 255); text-align: center;\">UMA MARCA CONCEITUAL NASCIDA EM LISBOA E CRIADA PELA AG\u00caNCIA CRIATIVA <a target=\"_blank\" href=\"http:\/\/www.grupomhs.pt\/\" style=\"background-image: initial; background-position: initial; background-size: initial; background-repeat: initial; background-attachment: initial; background-origin: initial; background-clip: initial; color: rgb(77, 202, 195);\"><strong>GRUPOMHS<\/strong><\/a><\/h3>\n\n\n\n\n\n\n\n\n\n<p style=\"text-align: center;\"><span style=\"color: rgb(88, 89, 91); font-family: Montserrat; letter-spacing: 1px; text-align: center; white-space-collapse: preserve; background-color: rgb(255, 255, 255);\">Nascida e criada em Lisboa, a Se7e representa as 7 colinas da cidade. Daqui de cima, vemos o mundo. Todos os dias, olhamos para os objetos do quotidiano e moldamo-los de uma nova forma. O truque: nunca os tomar como garantidos. Imaginar, mas fazer. Experimentar e questionar. Pensar em necessidades desconhecidas e explorar novas possibilidades para mobili\u00e1rio e objetos. Entre criativos e artes\u00e3os, as respostas s\u00e3o constru\u00eddas em conjunto num centro de investiga\u00e7\u00e3o que para alguns \u00e9 uma f\u00e1brica e para outros uma oficina.<\/span><\/p>\n<h3 id=\"yui_3_17_2_1_1753096840900_7305\" style=\"text-rendering: optimizelegibility; font-family: Abel; font-size: 17px; line-height: 1.3em; letter-spacing: 1.7px; text-transform: uppercase; color: rgb(0, 0, 0); margin-top: 1.5em; margin-right: auto; margin-left: auto; white-space-collapse: preserve; background-color: rgb(255, 255, 255); text-align: center;\">Todas as CRIA\u00c7\u00d5ES Se7e s\u00e3o concebidas e produzidas em Portugal.<\/h3>","protected":false},"excerpt":{"rendered":"","protected":false},"author":2,"featured_media":0,"parent":0,"menu_order":0,"comment_status":"closed","ping_status":"closed","template":"","meta":{"pagelayer_contact_templates":[],"_pagelayer_content":"","footnotes":""},"class_list":["post-21","page","type-page","status-publish","hentry"],"_links":{"self":[{"href":"https:\/\/se7e.pt\/en\/wp-json\/wp\/v2\/pages\/21","targetHints":{"allow":["GET"]}}],"collection":[{"href":"https:\/\/se7e.pt\/en\/wp-json\/wp\/v2\/pages"}],"about":[{"href":"https:\/\/se7e.pt\/en\/wp-json\/wp\/v2\/types\/page"}],"author":[{"embeddable":true,"href":"https:\/\/se7e.pt\/en\/wp-json\/wp\/v2\/users\/2"}],"replies":[{"embeddable":true,"href":"https:\/\/se7e.pt\/en\/wp-json\/wp\/v2\/comments?post=21"}],"version-history":[{"count":11,"href":"https:\/\/se7e.pt\/en\/wp-json\/wp\/v2\/pages\/21\/revisions"}],"predecessor-version":[{"id":311,"href":"https:\/\/se7e.pt\/en\/wp-json\/wp\/v2\/pages\/21\/revisions\/311"}],"wp:attachment":[{"href":"https:\/\/se7e.pt\/en\/wp-json\/wp\/v2\/media?parent=21"}],"curies":[{"name":"wp","href":"https:\/\/api.w.org\/{rel}","templated":true}]}}